{"id":345,"date":"2012-10-09T16:46:38","date_gmt":"2012-10-09T16:46:38","guid":{"rendered":"http:\/\/www.sevillasemueve.org\/nocheenblanco\/?page_id=345"},"modified":"2012-10-28T23:24:13","modified_gmt":"2012-10-28T23:24:13","slug":"la-seta-coqueta","status":"publish","type":"page","link":"https:\/\/nocheenblanco.org\/2012\/la-seta-coqueta\/","title":{"rendered":"La Seta Coqueta"},"content":{"rendered":"<p><!--:en--><\/p>\n<div style=\"float: right;\"><a href=\"http:\/\/www.lasetacoqueta.es\/\"><img decoding=\"async\" loading=\"lazy\" class=\"alignnone  wp-image-585\" style=\"margin: 5px;\" title=\"La Seta Coqueta\" src=\"https:\/\/nocheenblanco.org\/2012\/wp-content\/uploads\/2012\/10\/logo-JPG-300x195.jpg\" alt=\"La Seta Coqueta\" width=\"240\" height=\"156\" srcset=\"https:\/\/nocheenblanco.org\/2012\/wp-content\/uploads\/2012\/10\/logo-JPG-300x195.jpg 300w, https:\/\/nocheenblanco.org\/2012\/wp-content\/uploads\/2012\/10\/logo-JPG.jpg 680w\" sizes=\"(max-width: 240px) 100vw, 240px\" \/><\/a><\/div>\n<p><\/br><\/br><\/p>\n<div><strong>Address:<\/strong> Regina Street 9<br \/>\n<strong>Schedule:<\/strong> from 21:00 to 2:00<br \/>\n<strong>Prior reservation:<\/strong> No.<br \/>\n<strong>Price:<\/strong> Free.<\/div>\n<p><\/br><\/br><\/br><\/p>\n<p style=\"text-align: justify;\">La Seta Coqueta \u2013 art and creative fashion space located on Regina Street, 9- will host an individual exhibition of drawings and pictures during the Noche en Blanco.<br \/>\nThe exposition, receiving the name of the artist \u201cRosa Beiroa\u201d, consists of a compilation of the young painter and illustrator works from the last years.<br \/>\nSome of the last collective and individual exhibition were at Salon Flux n.5 (London), Wabi Sabi Shop&#038;Gallery (Seville), Un Gato en Bicicleta (Seville), Espacio GB (Seville) Art Tower Roof Gallery (Athens) and La Seta Coqueta (Seville) among others.<br \/>\nNow, until 1st December, Rosa Beiroa decorates La Seta Coqueta walls again, making now a tour on ancients works, where woman keep being the main role.<br \/>\nThrough a set of lines and colour plans, it shows at the same time another play, that of the protagonists, who laugh at themselves and the people looking at them.<br \/>\nThe artist uses mixed techniques for both her drawings (pen, wax and ink) as well as her paintings (acrylic and pastel), and obtains as a result a funny exhibition soaked on naturalness and optimism.\n<\/p>\n<p style=\"text-align: justify;\">Contact:<\/p>\n<p><a href=\"https:\/\/www.facebook.com\/lasetacoqueta\" target=\"_blank\"><img decoding=\"async\" loading=\"lazy\" class=\"alignnone\" src=\"http:\/\/sevillasemueve.org\/nocheenblanco\/wp-content\/plugins\/ultimate-follow-me\/style1\/facebook.png\" alt=\"Facebook\" width=\"32\" height=\"32\" \/><\/a><a href=\"https:\/\/twitter.com\/lasetacoqueta\" target=\"_blank\"><img decoding=\"async\" loading=\"lazy\" class=\"alignnone\" src=\"http:\/\/sevillasemueve.org\/nocheenblanco\/wp-content\/plugins\/ultimate-follow-me\/style1\/twitter.png\" alt=\"Twitter\" width=\"32\" height=\"32\" \/><\/a><a href=\"mailto:info@lasetacoqueta.es\" target=\"_blank\"><img decoding=\"async\" loading=\"lazy\" class=\"alignnone\" src=\"http:\/\/sevillasemueve.org\/nocheenblanco\/wp-content\/plugins\/ultimate-follow-me\/style1\/email.png\" alt=\"e-mail\" width=\"32\" height=\"32\" \/><\/a><!--:--><!--:es--><\/p>\n<div style=\"float: right;\"><a href=\"http:\/\/www.lasetacoqueta.es\/\"><img decoding=\"async\" loading=\"lazy\" class=\"alignnone  wp-image-585\" style=\"margin: 5px;\" title=\"La Seta Coqueta\" src=\"https:\/\/nocheenblanco.org\/2012\/wp-content\/uploads\/2012\/10\/logo-JPG-300x195.jpg\" alt=\"La Seta Coqueta\" width=\"240\" height=\"156\" srcset=\"https:\/\/nocheenblanco.org\/2012\/wp-content\/uploads\/2012\/10\/logo-JPG-300x195.jpg 300w, https:\/\/nocheenblanco.org\/2012\/wp-content\/uploads\/2012\/10\/logo-JPG.jpg 680w\" sizes=\"(max-width: 240px) 100vw, 240px\" \/><\/a><\/div>\n<p><\/br><\/br><\/p>\n<div><strong>Direcci\u00f3n:<\/strong> Calle Regina 9<br \/>\n<strong>Horario:<\/strong> 21:00 a 2:00<br \/>\n<strong>Reserva previa:<\/strong> No.<br \/>\n<strong>Precio:<\/strong> Gratuito.<\/div>\n<p><\/br><\/br><\/br><\/p>\n<p style=\"text-align: justify;\">La Seta Coqueta \u2013 espacio de moda creativa y arte localizado en la calle Regina 9, acoger\u00e1 una muestra individual de dibujos y pinturas durante la Noche en Blanco.<br \/>\nLa exposici\u00f3n recibe el nombre de la propia artista \u201cRosa Beiroa\u201d y se trata de una recopilaci\u00f3n de obras de los \u00faltimos a\u00f1os de la joven ilustradora y pintora.<br \/>\nAlgunas de sus \u00faltimas muestras colectivas e individuales han sido para Salon Flux nr.5 (Londres), Wabi Sabi Shop&amp;Gallery (Sevilla), Un Gato en Bicicleta (Sevilla), Espacio GB (Sevilla) Art Tower Roof Gallery (Atenas) y La Seta Coqueta (Sevilla) entre otros.<br \/>\nAhora, hasta el 1 de diciembre, Rosa Beiroa vuelve a decorar las paredes de La Seta Coqueta, esta vez haciendo un recorrido de antiguas obras en las que la mujer sigue siendo la protagonista.<br \/>\nA trav\u00e9s de un juego de l\u00edneas y planos de color, se muestra a la vez otro juego, el de las protagonistas, que se r\u00eden de ellas mismas y del que las mira.<br \/>\nLa artista emplea t\u00e9cnicas mixtas tanto para sus dibujos (bol\u00edgrafo, cera y tinta), como para las pinturas (acr\u00edlicos y pastel) y obtiene como resultado una divertida muestra impregnada de optimismo y naturalidad.<\/p>\n<p style=\"text-align: justify;\">Contacto:<\/p>\n<p><a href=\"https:\/\/www.facebook.com\/lasetacoqueta\" target=\"_blank\"><img decoding=\"async\" loading=\"lazy\" class=\"alignnone\" src=\"http:\/\/sevillasemueve.org\/nocheenblanco\/wp-content\/plugins\/ultimate-follow-me\/style1\/facebook.png\" alt=\"Facebook\" width=\"32\" height=\"32\" \/><\/a><a href=\"https:\/\/twitter.com\/lasetacoqueta\" target=\"_blank\"><img decoding=\"async\" loading=\"lazy\" class=\"alignnone\" src=\"http:\/\/sevillasemueve.org\/nocheenblanco\/wp-content\/plugins\/ultimate-follow-me\/style1\/twitter.png\" alt=\"Twitter\" width=\"32\" height=\"32\" \/><\/a><a href=\"mailto:info@lasetacoqueta.es\" target=\"_blank\"><img decoding=\"async\" loading=\"lazy\" class=\"alignnone\" src=\"http:\/\/sevillasemueve.org\/nocheenblanco\/wp-content\/plugins\/ultimate-follow-me\/style1\/email.png\" alt=\"e-mail\" width=\"32\" height=\"32\" \/><\/a><!--:--><\/p>\n","protected":false},"excerpt":{"rendered":"<p>Address: Regina Street 9 Schedule: from 21:00 to 2:00 Prior reservation: No. Price: Free. La Seta Coqueta \u2013 art and creative fashion space located on Regina Street, 9- will host an individual exhibition of drawings and pictures during the Noche[&hellip;] <a class=\"more-link\" href=\"https:\/\/nocheenblanco.org\/2012\/la-seta-coqueta\/\">&darr; Read the rest of this entry&#8230;<\/a><\/p>\n","protected":false},"author":1,"featured_media":0,"parent":0,"menu_order":0,"comment_status":"closed","ping_status":"closed","template":"","meta":{"_mi_skip_tracking":false},"_links":{"self":[{"href":"https:\/\/nocheenblanco.org\/2012\/wp-json\/wp\/v2\/pages\/345"}],"collection":[{"href":"https:\/\/nocheenblanco.org\/2012\/wp-json\/wp\/v2\/pages"}],"about":[{"href":"https:\/\/nocheenblanco.org\/2012\/wp-json\/wp\/v2\/types\/page"}],"author":[{"embeddable":true,"href":"https:\/\/nocheenblanco.org\/2012\/wp-json\/wp\/v2\/users\/1"}],"replies":[{"embeddable":true,"href":"https:\/\/nocheenblanco.org\/2012\/wp-json\/wp\/v2\/comments?post=345"}],"version-history":[{"count":10,"href":"https:\/\/nocheenblanco.org\/2012\/wp-json\/wp\/v2\/pages\/345\/revisions"}],"predecessor-version":[{"id":902,"href":"https:\/\/nocheenblanco.org\/2012\/wp-json\/wp\/v2\/pages\/345\/revisions\/902"}],"wp:attachment":[{"href":"https:\/\/nocheenblanco.org\/2012\/wp-json\/wp\/v2\/media?parent=345"}],"curies":[{"name":"wp","href":"https:\/\/api.w.org\/{rel}","templated":true}]}}