{"id":1988,"date":"2014-09-29T22:20:06","date_gmt":"2014-09-29T22:20:06","guid":{"rendered":"http:\/\/sevillasemueve.org\/nocheenblanco2014\/?page_id=1988"},"modified":"2014-10-02T11:14:38","modified_gmt":"2014-10-02T11:14:38","slug":"quienes-somos","status":"publish","type":"page","link":"https:\/\/nocheenblanco.org\/2014\/quienes-somos\/","title":{"rendered":"Qui\u00e9nes somos"},"content":{"rendered":"<p>La Noche en Blanco es una iniciativa de la <a title=\"Asociaci\u00f3n sevillasemueve\" href=\"http:\/\/www.sevillasemueve.org\" target=\"_blank\">Asociaci\u00f3n sevillasemueve<\/a><\/p>\n<p><strong>Manuel Fern\u00e1ndez Ruiz<\/strong>. Vicepresidente sevillasemueve. Direcci\u00f3n y coordinaci\u00f3n.<\/p>\n<p><strong>Jaime Sierra Mu\u00f1oz<\/strong>. Miembro de sevillasemueve. \u00c1rea de coordinaci\u00f3n y gesti\u00f3n.<\/p>\n<p><strong>Sergio David Cansado Valle<\/strong>. Miembro de sevillasemueve. \u00c1rea de gesti\u00f3n.<\/p>\n<p><strong>Jos\u00e9 Mar\u00eda Bascar\u00e1n Est\u00e9vez<\/strong>. Presidente\u00a0de sevillasemueve. \u00c1rea de gesti\u00f3n.<\/p>\n<p><strong>Christopher Rivas Reina<\/strong>. Miembro de sevillasemueve. \u00c1rea de comunicaci\u00f3n.<\/p>\n<p><strong>Francisco Javier Marchena Alba<\/strong>. Miembro de sevillasemueve. \u00c1rea de gesti\u00f3n.<\/p>\n<p><strong>Juan Luis Pav\u00f3n \u00cdtaca<\/strong>. Miembro de Iniciativa Sevilla Abierta. Colaboraci\u00f3n en gesti\u00f3n.<\/p>\n<p><strong>David Barco Luque<\/strong>. Dise\u00f1o gr\u00e1fico.<\/p>\n<p>&nbsp;<\/p>\n","protected":false},"excerpt":{"rendered":"<p>La Noche en Blanco es una iniciativa de la <a title=\"Asociaci\u00f3n sevillasemueve\" href=\"http:\/\/www.sevillasemueve.org\" target=\"_blank\">Asociaci\u00f3n sevillasemueve<\/a><\/p>\n<p><strong>Manuel Fern\u00e1ndez Ruiz<\/strong>. Vicepresidente sevillasemueve. Direcci\u00f3n y coordinaci\u00f3n.<\/p>\n<p><strong>Jaime Sierra Mu\u00f1oz<\/strong>. Miembro de sevillasemueve. \u00c1rea de coordinaci\u00f3n y gesti\u00f3n.<\/p>\n<p><strong>Sergio David Cansado Valle<\/strong>. Miembro de sevillasemueve. \u00c1rea de gesti\u00f3n.<\/p>\n<p><strong>Jos\u00e9 Mar\u00eda Bascar\u00e1n Est\u00e9vez<\/strong>. Presidente\u00a0de sevillasemueve.  \u2026 <a href=\"https:\/\/nocheenblanco.org\/2014\/quienes-somos\/\"> Continue reading <span class=\"meta-nav\">&rarr; <\/span><\/a><\/p>\n","protected":false},"author":1,"featured_media":0,"parent":0,"menu_order":0,"comment_status":"closed","ping_status":"closed","template":"","meta":{"_mi_skip_tracking":false},"_links":{"self":[{"href":"https:\/\/nocheenblanco.org\/2014\/wp-json\/wp\/v2\/pages\/1988"}],"collection":[{"href":"https:\/\/nocheenblanco.org\/2014\/wp-json\/wp\/v2\/pages"}],"about":[{"href":"https:\/\/nocheenblanco.org\/2014\/wp-json\/wp\/v2\/types\/page"}],"author":[{"embeddable":true,"href":"https:\/\/nocheenblanco.org\/2014\/wp-json\/wp\/v2\/users\/1"}],"replies":[{"embeddable":true,"href":"https:\/\/nocheenblanco.org\/2014\/wp-json\/wp\/v2\/comments?post=1988"}],"version-history":[{"count":7,"href":"https:\/\/nocheenblanco.org\/2014\/wp-json\/wp\/v2\/pages\/1988\/revisions"}],"predecessor-version":[{"id":2024,"href":"https:\/\/nocheenblanco.org\/2014\/wp-json\/wp\/v2\/pages\/1988\/revisions\/2024"}],"wp:attachment":[{"href":"https:\/\/nocheenblanco.org\/2014\/wp-json\/wp\/v2\/media?parent=1988"}],"curies":[{"name":"wp","href":"https:\/\/api.w.org\/{rel}","templated":true}]}}