{"id":2192,"date":"2015-07-24T19:44:02","date_gmt":"2015-07-24T17:44:02","guid":{"rendered":"http:\/\/sevillasemueve.org\/nocheenblanco2016\/?page_id=2192"},"modified":"2016-09-30T20:12:26","modified_gmt":"2016-09-30T18:12:26","slug":"sobre-asociacion-sevillasemueve","status":"publish","type":"page","link":"https:\/\/nocheenblanco.org\/2016\/sobre-asociacion-sevillasemueve\/","title":{"rendered":"Sobre la Asociaci\u00f3n sevillasemueve"},"content":{"rendered":"<p style=\"text-align: justify;\">sevillasemueve es una asociaci\u00f3n sin afiliaci\u00f3n pol\u00edtica y sin \u00e1nimo de lucro interesada por la\u00a0historia, el desarrollo y la evoluci\u00f3n de la Ciudad de Sevilla y su \u00e1rea de influencia en todos\u00a0sus \u00e1mbitos: arquitectura, urbanismo, infraestructuras, transportes, cultura\u2026<\/p>\n<p style=\"text-align: justify;\">Las personas que hacen posible sevillasemueve son parte de un equipo multidisciplinar, que\u00a0une a ingenieros, aparejadores, historiadores, ge\u00f3grafos, t\u00e9cnicos, bot\u00e1nicos, entre otros,\u00a0con una premisa com\u00fan: el amor y el compromiso por la ciudad que nos une, Sevilla, algo que\u00a0se demuestra en el esfuerzo que, mes a mes, ponen desinteresadamente, sin recibir beneficio\u00a0econ\u00f3mico a cambio, lo cual no es excepci\u00f3n en la Organizaci\u00f3n de la Noche en Blanco.\u00a0En cualquier caso, desde sevillasemueve queremos promover el conocimiento de dichos\u00a0aspectos, otorgando a nuestra ciudad la importancia que se merece.<\/p>\n<p style=\"text-align: justify;\">Por su parte, el equipo organizador de la Noche en Blanco est\u00e1 formado por miembros de\u00a0sevillasemueve y un grupo de voluntarios que, con su esfuerzo y dedicaci\u00f3n desinteresado,\u00a0sacan adelante el evento.<\/p>\n","protected":false},"excerpt":{"rendered":"<p>sevillasemueve es una asociaci\u00f3n sin afiliaci\u00f3n pol\u00edtica y sin \u00e1nimo de lucro interesada por la\u00a0historia, el desarrollo y la evoluci\u00f3n de la Ciudad de Sevilla y su \u00e1rea de influencia en todos\u00a0sus \u00e1mbitos: arquitectura, urbanismo, infraestructuras, transportes, cultura\u2026 Las personas [&hellip;]<\/p>\n","protected":false},"author":1,"featured_media":0,"parent":0,"menu_order":0,"comment_status":"closed","ping_status":"closed","template":"page-templates\/page_fullwidth.php","meta":{"_mi_skip_tracking":false,"_exactmetrics_sitenote_active":false,"_exactmetrics_sitenote_note":"","_exactmetrics_sitenote_category":0},"yoast_head":"<!-- This site is optimized with the Yoast SEO plugin v20.6 - https:\/\/yoast.com\/wordpress\/plugins\/seo\/ -->\n<title>Sobre la Asociaci\u00f3n sevillasemueve - Noche en Blanco - Sevilla 2016<\/title>\n<meta name=\"robots\" content=\"index, follow, max-snippet:-1, max-image-preview:large, max-video-preview:-1\" \/>\n<link rel=\"canonical\" href=\"https:\/\/nocheenblanco.org\/2016\/sobre-asociacion-sevillasemueve\/\" \/>\n<meta property=\"og:locale\" content=\"es_ES\" \/>\n<meta property=\"og:type\" content=\"article\" \/>\n<meta property=\"og:title\" content=\"Sobre la Asociaci\u00f3n sevillasemueve - Noche en Blanco - Sevilla 2016\" \/>\n<meta property=\"og:description\" content=\"sevillasemueve es una asociaci\u00f3n sin afiliaci\u00f3n pol\u00edtica y sin \u00e1nimo de lucro interesada por la\u00a0historia, el desarrollo y la evoluci\u00f3n de la Ciudad de Sevilla y su \u00e1rea de influencia en todos\u00a0sus \u00e1mbitos: arquitectura, urbanismo, infraestructuras, transportes, cultura\u2026 Las personas [&hellip;]\" \/>\n<meta property=\"og:url\" content=\"https:\/\/nocheenblanco.org\/2016\/sobre-asociacion-sevillasemueve\/\" \/>\n<meta property=\"og:site_name\" content=\"Noche en Blanco - Sevilla 2016\" \/>\n<meta property=\"article:publisher\" content=\"https:\/\/www.facebook.com\/Nocheenblancosevilla\" \/>\n<meta property=\"article:modified_time\" content=\"2016-09-30T18:12:26+00:00\" \/>\n<meta property=\"og:image\" content=\"https:\/\/nocheenblanco.org\/2016\/wp-content\/uploads\/2015\/08\/logoneb1.png\" \/>\n\t<meta property=\"og:image:width\" content=\"144\" \/>\n\t<meta property=\"og:image:height\" content=\"167\" \/>\n\t<meta property=\"og:image:type\" content=\"image\/png\" \/>\n<meta name=\"twitter:card\" content=\"summary_large_image\" \/>\n<meta name=\"twitter:site\" content=\"@nochenblanco\" \/>\n<meta name=\"twitter:label1\" content=\"Tiempo de lectura\" \/>\n\t<meta name=\"twitter:data1\" content=\"1 minuto\" \/>\n<script type=\"application\/ld+json\" class=\"yoast-schema-graph\">{\"@context\":\"https:\/\/schema.org\",\"@graph\":[{\"@type\":\"WebPage\",\"@id\":\"https:\/\/nocheenblanco.org\/2016\/sobre-asociacion-sevillasemueve\/\",\"url\":\"https:\/\/nocheenblanco.org\/2016\/sobre-asociacion-sevillasemueve\/\",\"name\":\"Sobre la Asociaci\u00f3n sevillasemueve - Noche en Blanco - Sevilla 2016\",\"isPartOf\":{\"@id\":\"https:\/\/nocheenblanco.org\/2016\/#website\"},\"datePublished\":\"2015-07-24T17:44:02+00:00\",\"dateModified\":\"2016-09-30T18:12:26+00:00\",\"breadcrumb\":{\"@id\":\"https:\/\/nocheenblanco.org\/2016\/sobre-asociacion-sevillasemueve\/#breadcrumb\"},\"inLanguage\":\"es\",\"potentialAction\":[{\"@type\":\"ReadAction\",\"target\":[\"https:\/\/nocheenblanco.org\/2016\/sobre-asociacion-sevillasemueve\/\"]}]},{\"@type\":\"BreadcrumbList\",\"@id\":\"https:\/\/nocheenblanco.org\/2016\/sobre-asociacion-sevillasemueve\/#breadcrumb\",\"itemListElement\":[{\"@type\":\"ListItem\",\"position\":1,\"name\":\"Portada\",\"item\":\"https:\/\/nocheenblanco.org\/2016\/\"},{\"@type\":\"ListItem\",\"position\":2,\"name\":\"Sobre la Asociaci\u00f3n sevillasemueve\"}]},{\"@type\":\"WebSite\",\"@id\":\"https:\/\/nocheenblanco.org\/2016\/#website\",\"url\":\"https:\/\/nocheenblanco.org\/2016\/\",\"name\":\"Noche en Blanco - Sevilla 2016\",\"description\":\"Una noche escrita para la cultura\",\"publisher\":{\"@id\":\"https:\/\/nocheenblanco.org\/2016\/#organization\"},\"potentialAction\":[{\"@type\":\"SearchAction\",\"target\":{\"@type\":\"EntryPoint\",\"urlTemplate\":\"https:\/\/nocheenblanco.org\/2016\/?s={search_term_string}\"},\"query-input\":\"required name=search_term_string\"}],\"inLanguage\":\"es\"},{\"@type\":\"Organization\",\"@id\":\"https:\/\/nocheenblanco.org\/2016\/#organization\",\"name\":\"Noche en Blanco Sevilla\",\"url\":\"https:\/\/nocheenblanco.org\/2016\/\",\"logo\":{\"@type\":\"ImageObject\",\"inLanguage\":\"es\",\"@id\":\"https:\/\/nocheenblanco.org\/2016\/#\/schema\/logo\/image\/\",\"url\":\"https:\/\/nocheenblanco.org\/2016\/wp-content\/uploads\/2016\/09\/LOGO1-01-1.png\",\"contentUrl\":\"https:\/\/nocheenblanco.org\/2016\/wp-content\/uploads\/2016\/09\/LOGO1-01-1.png\",\"width\":619,\"height\":601,\"caption\":\"Noche en Blanco Sevilla\"},\"image\":{\"@id\":\"https:\/\/nocheenblanco.org\/2016\/#\/schema\/logo\/image\/\"},\"sameAs\":[\"https:\/\/www.facebook.com\/Nocheenblancosevilla\",\"https:\/\/twitter.com\/nochenblanco\"]}]}<\/script>\n<!-- \/ Yoast SEO plugin. -->","yoast_head_json":{"title":"Sobre la Asociaci\u00f3n sevillasemueve - Noche en Blanco - Sevilla 2016","robots":{"index":"index","follow":"follow","max-snippet":"max-snippet:-1","max-image-preview":"max-image-preview:large","max-video-preview":"max-video-preview:-1"},"canonical":"https:\/\/nocheenblanco.org\/2016\/sobre-asociacion-sevillasemueve\/","og_locale":"es_ES","og_type":"article","og_title":"Sobre la Asociaci\u00f3n sevillasemueve - Noche en Blanco - Sevilla 2016","og_description":"sevillasemueve es una asociaci\u00f3n sin afiliaci\u00f3n pol\u00edtica y sin \u00e1nimo de lucro interesada por la\u00a0historia, el desarrollo y la evoluci\u00f3n de la Ciudad de Sevilla y su \u00e1rea de influencia en todos\u00a0sus \u00e1mbitos: arquitectura, urbanismo, infraestructuras, transportes, cultura\u2026 Las personas [&hellip;]","og_url":"https:\/\/nocheenblanco.org\/2016\/sobre-asociacion-sevillasemueve\/","og_site_name":"Noche en Blanco - Sevilla 2016","article_publisher":"https:\/\/www.facebook.com\/Nocheenblancosevilla","article_modified_time":"2016-09-30T18:12:26+00:00","og_image":[{"width":144,"height":167,"url":"https:\/\/nocheenblanco.org\/2016\/wp-content\/uploads\/2015\/08\/logoneb1.png","type":"image\/png"}],"twitter_card":"summary_large_image","twitter_site":"@nochenblanco","twitter_misc":{"Tiempo de lectura":"1 minuto"},"schema":{"@context":"https:\/\/schema.org","@graph":[{"@type":"WebPage","@id":"https:\/\/nocheenblanco.org\/2016\/sobre-asociacion-sevillasemueve\/","url":"https:\/\/nocheenblanco.org\/2016\/sobre-asociacion-sevillasemueve\/","name":"Sobre la Asociaci\u00f3n sevillasemueve - Noche en Blanco - Sevilla 2016","isPartOf":{"@id":"https:\/\/nocheenblanco.org\/2016\/#website"},"datePublished":"2015-07-24T17:44:02+00:00","dateModified":"2016-09-30T18:12:26+00:00","breadcrumb":{"@id":"https:\/\/nocheenblanco.org\/2016\/sobre-asociacion-sevillasemueve\/#breadcrumb"},"inLanguage":"es","potentialAction":[{"@type":"ReadAction","target":["https:\/\/nocheenblanco.org\/2016\/sobre-asociacion-sevillasemueve\/"]}]},{"@type":"BreadcrumbList","@id":"https:\/\/nocheenblanco.org\/2016\/sobre-asociacion-sevillasemueve\/#breadcrumb","itemListElement":[{"@type":"ListItem","position":1,"name":"Portada","item":"https:\/\/nocheenblanco.org\/2016\/"},{"@type":"ListItem","position":2,"name":"Sobre la Asociaci\u00f3n sevillasemueve"}]},{"@type":"WebSite","@id":"https:\/\/nocheenblanco.org\/2016\/#website","url":"https:\/\/nocheenblanco.org\/2016\/","name":"Noche en Blanco - Sevilla 2016","description":"Una noche escrita para la cultura","publisher":{"@id":"https:\/\/nocheenblanco.org\/2016\/#organization"},"potentialAction":[{"@type":"SearchAction","target":{"@type":"EntryPoint","urlTemplate":"https:\/\/nocheenblanco.org\/2016\/?s={search_term_string}"},"query-input":"required name=search_term_string"}],"inLanguage":"es"},{"@type":"Organization","@id":"https:\/\/nocheenblanco.org\/2016\/#organization","name":"Noche en Blanco Sevilla","url":"https:\/\/nocheenblanco.org\/2016\/","logo":{"@type":"ImageObject","inLanguage":"es","@id":"https:\/\/nocheenblanco.org\/2016\/#\/schema\/logo\/image\/","url":"https:\/\/nocheenblanco.org\/2016\/wp-content\/uploads\/2016\/09\/LOGO1-01-1.png","contentUrl":"https:\/\/nocheenblanco.org\/2016\/wp-content\/uploads\/2016\/09\/LOGO1-01-1.png","width":619,"height":601,"caption":"Noche en Blanco Sevilla"},"image":{"@id":"https:\/\/nocheenblanco.org\/2016\/#\/schema\/logo\/image\/"},"sameAs":["https:\/\/www.facebook.com\/Nocheenblancosevilla","https:\/\/twitter.com\/nochenblanco"]}]}},"_links":{"self":[{"href":"https:\/\/nocheenblanco.org\/2016\/wp-json\/wp\/v2\/pages\/2192"}],"collection":[{"href":"https:\/\/nocheenblanco.org\/2016\/wp-json\/wp\/v2\/pages"}],"about":[{"href":"https:\/\/nocheenblanco.org\/2016\/wp-json\/wp\/v2\/types\/page"}],"author":[{"embeddable":true,"href":"https:\/\/nocheenblanco.org\/2016\/wp-json\/wp\/v2\/users\/1"}],"replies":[{"embeddable":true,"href":"https:\/\/nocheenblanco.org\/2016\/wp-json\/wp\/v2\/comments?post=2192"}],"version-history":[{"count":3,"href":"https:\/\/nocheenblanco.org\/2016\/wp-json\/wp\/v2\/pages\/2192\/revisions"}],"predecessor-version":[{"id":3576,"href":"https:\/\/nocheenblanco.org\/2016\/wp-json\/wp\/v2\/pages\/2192\/revisions\/3576"}],"wp:attachment":[{"href":"https:\/\/nocheenblanco.org\/2016\/wp-json\/wp\/v2\/media?parent=2192"}],"curies":[{"name":"wp","href":"https:\/\/api.w.org\/{rel}","templated":true}]}}