{"id":135,"date":"2017-06-25T22:39:17","date_gmt":"2017-06-25T22:39:17","guid":{"rendered":"http:\/\/sevillasemueve.org\/nocheenblanco2017\/?page_id=135"},"modified":"2017-06-25T22:55:01","modified_gmt":"2017-06-25T22:55:01","slug":"reunion-informativa-noche-en-blanco-2017","status":"publish","type":"page","link":"https:\/\/nocheenblanco.org\/2017\/reunion-informativa-noche-en-blanco-2017\/","title":{"rendered":"Reuni\u00f3n informativa Noche en Blanco 2017"},"content":{"rendered":"<p>\u00bfQuieres participar en la sexta edici\u00f3n de la Noche en Blanco?<\/p>\n<p>En la tarde del pr\u00f3ximo viernes 30 de Junio celebraremos una jornada informativa orientada tanto a participantes de ediciones anteriores de la Noche en Blanco como para nuevos interesados.\u00a0Expondremos nuestros objetivos como Organizaci\u00f3n y explicaremos los requisitos y pasos a seguir para participar, pero tambi\u00e9n estaremos encantados de resolver las preguntas o cuestiones que nos pod\u00e1is plantear.<\/p>\n<p>&nbsp;<\/p>\n<p>\u00bfEst\u00e1s interesado? S\u00f3lo tienes que rellenar el obligado formulario de inscripci\u00f3n, que nos ayudar\u00e1 a controlar la asistencia, y desde la Organizaci\u00f3n nos pondremos en contacto para informar con exactitud del sitio y la hora:<\/p>\n<p>&nbsp;<\/p>\n<h2 style=\"text-align: center;\"><a href=\"https:\/\/goo.gl\/forms\/Ns6QlFT2zJnMahGW2\" target=\"_blank\" rel=\"noopener\">INSCRIPCI\u00d3N<\/a><\/h2>\n<p>&nbsp;<\/p>\n","protected":false},"excerpt":{"rendered":"<p>\u00bfQuieres participar en la sexta edici\u00f3n de la Noche en Blanco? En la tarde del pr\u00f3ximo viernes 30 de Junio celebraremos una jornada informativa orientada tanto a participantes de ediciones anteriores de la Noche en Blanco como para nuevos interesados.\u00a0Expondremos nuestros objetivos como Organizaci\u00f3n y explicaremos los requisitos y pasos a seguir para participar, pero <a href=\"https:\/\/nocheenblanco.org\/2017\/reunion-informativa-noche-en-blanco-2017\/\" rel=\"nofollow\"><span class=\"sr-only\">Leer m\u00e1sReuni\u00f3n informativa Noche en Blanco 2017<\/span>[&hellip;]<\/a><\/p>\n","protected":false},"author":1,"featured_media":0,"parent":0,"menu_order":0,"comment_status":"closed","ping_status":"closed","template":"page-templates\/page_fullwidth.php","meta":{"_mi_skip_tracking":false,"_exactmetrics_sitenote_active":false,"_exactmetrics_sitenote_note":"","_exactmetrics_sitenote_category":0},"_links":{"self":[{"href":"https:\/\/nocheenblanco.org\/2017\/wp-json\/wp\/v2\/pages\/135"}],"collection":[{"href":"https:\/\/nocheenblanco.org\/2017\/wp-json\/wp\/v2\/pages"}],"about":[{"href":"https:\/\/nocheenblanco.org\/2017\/wp-json\/wp\/v2\/types\/page"}],"author":[{"embeddable":true,"href":"https:\/\/nocheenblanco.org\/2017\/wp-json\/wp\/v2\/users\/1"}],"replies":[{"embeddable":true,"href":"https:\/\/nocheenblanco.org\/2017\/wp-json\/wp\/v2\/comments?post=135"}],"version-history":[{"count":1,"href":"https:\/\/nocheenblanco.org\/2017\/wp-json\/wp\/v2\/pages\/135\/revisions"}],"predecessor-version":[{"id":136,"href":"https:\/\/nocheenblanco.org\/2017\/wp-json\/wp\/v2\/pages\/135\/revisions\/136"}],"wp:attachment":[{"href":"https:\/\/nocheenblanco.org\/2017\/wp-json\/wp\/v2\/media?parent=135"}],"curies":[{"name":"wp","href":"https:\/\/api.w.org\/{rel}","templated":true}]}}