{"id":208,"date":"2017-07-04T16:08:07","date_gmt":"2017-07-04T16:08:07","guid":{"rendered":"http:\/\/sevillasemueve.org\/nocheenblanco2017\/?page_id=208"},"modified":"2017-07-04T16:08:07","modified_gmt":"2017-07-04T16:08:07","slug":"preguntas-frecuentes","status":"publish","type":"page","link":"https:\/\/nocheenblanco.org\/2017\/preguntas-frecuentes\/","title":{"rendered":"Preguntas frecuentes"},"content":{"rendered":"<h3>&#8211; <a name=\"que-es-noche-en-blanco\"><\/a>\u00bfQu\u00e9 es la Noche en Blanco?<\/h3>\n<p>La Noche en Blanco es un evento cultural que pretende reunir todo el potencial cultural que tiene la capital de Andaluc\u00eda. Es una manera de reiniciar el curso cultural y poner de largo nuevos proyectos tras el verano, un momento para reconectar con la ciudad, para atraer a los propios sevillanos a facetas quiz\u00e1s desconocidas de su entorno, para que Sevilla tenga m\u00e1s que ofrecer fuera de su \u00e1mbito de influencia. En definitiva, la Noche en Blanco concentrar en una noche la producci\u00f3n cultural de Sevilla para que, durante el resto del a\u00f1o, disfrutarla sea m\u00e1s com\u00fan, tanto para propios como para extra\u00f1os.<\/p>\n<h3>&#8211; <a name=\"quien-organiza-noche-en-blanco\"><\/a>\u00bfQui\u00e9n organiza la Noche en Blanco?<\/h3>\n<p>La Noche en Blanco est\u00e1 organizada por la Asociaci\u00f3n sevilla<b>semueve<\/b>, una asociaci\u00f3n sin \u00e1nimo de lucro y sin filiaci\u00f3n pol\u00edtica que est\u00e1 muy interesada en el progreso de la ciudad y su \u00e1rea metropolitana, en t\u00e9rminos tan diversos como imprescindibles como la sostenibilidad, el urbanismo, la econom\u00eda, la arquitectura, la cultura o el medio ambiente, entre otros.<br \/>\nMiembros de sevilla<b>semueve<\/b>\u00a0junto a un equipo de\u00a0voluntarios se implican y\u00a0dedican su tiempo a proyectos como la Noche en Blanco.<\/p>\n<h3>&#8211; <a name=\"quien-financia-noche-en-blanco\"><\/a>\u00bfQui\u00e9n financia la Noche en Blanco?<\/h3>\n<p>La financiaci\u00f3n de la Noche en Blanco proviene, exclusivamente, de los Sponsors, Patrocinadores y Colaboradores adheridos a la causa, con cuyas aportaciones se cubren gastos de organizaci\u00f3n y difusi\u00f3n, tales como carteler\u00eda o informaci\u00f3n en papel. Los voluntarios y socios de la asociaci\u00f3n implicados en la Noche en Blanco no perciben beneficio econ\u00f3mico a cambio de su labor para sacar adelante el evento.<\/p>\n<h3>&#8211; <a name=\"administraciones-publicas-noche-en-blanco\"><\/a>\u00bfC\u00f3mo participan las Administraciones P\u00fablicas en la Noche en Blanco?<\/h3>\n<p>En las \u00faltimas ediciones, la Noche en Blanco ha recibido el apoyo institucional del Ayuntamiento de Sevilla, a trav\u00e9s del ICAS y la Delegaci\u00f3n de Participaci\u00f3n Ciudadana as\u00ed como de la Junta de Andaluc\u00eda a trav\u00e9s de la Consejer\u00eda de Cultura, la Diputaci\u00f3n de Sevilla o estamentos del Gobierno de Espa\u00f1a. Todo el apoyo institucional, independientemente de la administraci\u00f3n, se tradujo en la participaci\u00f3n de estas administraciones con sus propios espacios, as\u00ed como promoci\u00f3n y difusi\u00f3n del evento, que en ning\u00fan caso implica una aportaci\u00f3n presupuestaria destinada a sevilla<b>semueve <\/b>en general ni la Organizaci\u00f3n de la Noche en Blanco en particular.<\/p>\n<h3>&#8211; <a name=\"quien-participa-noche-en-blanco\"><\/a>\u00bfQui\u00e9n participa en la Noche en Blanco?<\/h3>\n<p>En la Noche en Blanco puede participar cualquier iniciativa o proyecto cultural, sin importar disciplina o tama\u00f1o. Todos son piezas de una escena cultural en el escenario com\u00fan de una misma ciudad que, creemos, tiene mucho que ofrecer. Las puertas de la Noche en Blanco est\u00e1n abiertas a todo tipo de p\u00fablicos: desde m\u00fasica cl\u00e1sica a arte contempor\u00e1neo, del teatro a la escultura, del recital po\u00e9tico a la ruta hist\u00f3rica patrimonial. La cultura en Sevilla tiene mucho que decir.<\/p>\n<h3>&#8211; <a name=\"quien-organiza-actividades-noche-en-blanco\"><\/a>\u00bfQui\u00e9n organiza las actividades de la Noche en Blanco?<\/h3>\n<p>Cada espacio o participante de la Noche en Blanco se encarga y responsabiliza de todos los aspectos de desarrollo de la actividad inscrita en el evento. Por su parte, la Organizaci\u00f3n de la Noche en Blanco, realiza las pertinentes labores de difusi\u00f3n de las actividades incluidas en la programaci\u00f3n para que estas puedan llegar al p\u00fablico.<\/p>\n<h3>&#8211; <a name=\"como-participar-noche-en-blanco\"><\/a>\u00bfC\u00f3mo participar en la Noche en Blanco?<\/h3>\n<p>Participar en la Noche en Blanco y formar parte de la extensa programaci\u00f3n es muy sencillo. Para formar parte de este punto de encuentro de la cultura sevillana, solo hace falta tener ganas de mostrar nuestra cultura a la ciudadan\u00eda. Escr\u00edbenos a <a href=\"mailto:nocheenblanco@sevillasemueve.org\">nocheenblanco@sevillasemueve.org<\/a> y te informaremos.<\/p>\n","protected":false},"excerpt":{"rendered":"<p>&#8211; \u00bfQu\u00e9 es la Noche en Blanco? La Noche en Blanco es un evento cultural que pretende reunir todo el potencial cultural que tiene la capital de Andaluc\u00eda. Es una manera de reiniciar el curso cultural y poner de largo nuevos proyectos tras el verano, un momento para reconectar con la ciudad, para atraer a <a href=\"https:\/\/nocheenblanco.org\/2017\/preguntas-frecuentes\/\" rel=\"nofollow\"><span class=\"sr-only\">Leer m\u00e1sPreguntas frecuentes<\/span>[&hellip;]<\/a><\/p>\n","protected":false},"author":1,"featured_media":0,"parent":0,"menu_order":0,"comment_status":"closed","ping_status":"closed","template":"","meta":{"_mi_skip_tracking":false,"_exactmetrics_sitenote_active":false,"_exactmetrics_sitenote_note":"","_exactmetrics_sitenote_category":0},"_links":{"self":[{"href":"https:\/\/nocheenblanco.org\/2017\/wp-json\/wp\/v2\/pages\/208"}],"collection":[{"href":"https:\/\/nocheenblanco.org\/2017\/wp-json\/wp\/v2\/pages"}],"about":[{"href":"https:\/\/nocheenblanco.org\/2017\/wp-json\/wp\/v2\/types\/page"}],"author":[{"embeddable":true,"href":"https:\/\/nocheenblanco.org\/2017\/wp-json\/wp\/v2\/users\/1"}],"replies":[{"embeddable":true,"href":"https:\/\/nocheenblanco.org\/2017\/wp-json\/wp\/v2\/comments?post=208"}],"version-history":[{"count":1,"href":"https:\/\/nocheenblanco.org\/2017\/wp-json\/wp\/v2\/pages\/208\/revisions"}],"predecessor-version":[{"id":209,"href":"https:\/\/nocheenblanco.org\/2017\/wp-json\/wp\/v2\/pages\/208\/revisions\/209"}],"wp:attachment":[{"href":"https:\/\/nocheenblanco.org\/2017\/wp-json\/wp\/v2\/media?parent=208"}],"curies":[{"name":"wp","href":"https:\/\/api.w.org\/{rel}","templated":true}]}}